{"id":2,"date":"2016-05-10T03:48:21","date_gmt":"2016-05-10T03:48:21","guid":{"rendered":"http:\/\/ugurbuyukhatipoglu.com\/?page_id=2"},"modified":"2021-07-12T00:19:00","modified_gmt":"2021-07-12T00:19:00","slug":"sample-page","status":"publish","type":"page","link":"https:\/\/ugurbuyukhatipoglu.com\/?page_id=2","title":{"rendered":"Haberler"},"content":{"rendered":"<ul class=\"wp-block-latest-posts__list wp-block-latest-posts\"><li><div class=\"wp-block-latest-posts__featured-image alignleft\"><img width=\"300\" height=\"201\" src=\"https:\/\/ugurbuyukhatipoglu.com\/wp-content\/uploads\/2021\/07\/otomotiv-urunlerinin-denetiminde-yeni-donem-10594008_o-300x201.jpg\" class=\"attachment-medium size-medium wp-post-image\" alt=\"\" decoding=\"async\" loading=\"lazy\" style=\"\" srcset=\"https:\/\/ugurbuyukhatipoglu.com\/wp-content\/uploads\/2021\/07\/otomotiv-urunlerinin-denetiminde-yeni-donem-10594008_o-300x201.jpg 300w, https:\/\/ugurbuyukhatipoglu.com\/wp-content\/uploads\/2021\/07\/otomotiv-urunlerinin-denetiminde-yeni-donem-10594008_o.jpg 640w\" sizes=\"(max-width: 300px) 100vw, 300px\" \/><\/div><a class=\"wp-block-latest-posts__post-title\" href=\"https:\/\/ugurbuyukhatipoglu.com\/?p=106\">Otomotiv \u00dcr\u00fcnlerinin Denetiminde Yeni D\u00f6nem<\/a><div class=\"wp-block-latest-posts__post-excerpt\">Otomotiv sekt\u00f6r\u00fcnde piyasa g\u00f6zetimi ve denetimi ile ilgili yeni y\u00f6netmelik Resmi Gazete\u2019de yay\u0131mland\u0131. Otomotiv sekt\u00f6r\u00fcnde piyasa g\u00f6zetimi ve denetimi ile ilgili yeni y\u00f6netmelik Resmi Gazete&#8217;de yay\u0131mland\u0131. Bilim, Sanayi ve Teknoloji Bakanl\u0131\u011f\u0131 Sanayi \u00dcr\u00fcnleri G\u00fcvenli\u011fi ve Denetimi Genel M\u00fcd\u00fcr\u00fc\u00a0U\u011fur B\u00fcy\u00fckhatipo\u011flu, 4 ayda olu\u015fturulan yeni y\u00f6netmeli\u011fin i\u015f d\u00fcnyas\u0131 temsilcilerinin taleplerine g\u00f6re haz\u0131rland\u0131\u011f\u0131n\u0131 s\u00f6yledi. Bursa Ticaret ve Sanayi<\/div><div class=\"blog-btn\"><a href=\"https:\/\/ugurbuyukhatipoglu.com\/?p=106\" class=\"home-blog-btn\">Daha fazlas\u0131n\u0131 oku<\/a><\/div><\/li>\n<li><div class=\"wp-block-latest-posts__featured-image alignleft\"><img width=\"225\" height=\"300\" src=\"https:\/\/ugurbuyukhatipoglu.com\/wp-content\/uploads\/2021\/07\/22519663_1466579083449869_7484162451653056290_o-225x300.jpg\" class=\"attachment-medium size-medium wp-post-image\" alt=\"\" decoding=\"async\" loading=\"lazy\" style=\"\" srcset=\"https:\/\/ugurbuyukhatipoglu.com\/wp-content\/uploads\/2021\/07\/22519663_1466579083449869_7484162451653056290_o-225x300.jpg 225w, https:\/\/ugurbuyukhatipoglu.com\/wp-content\/uploads\/2021\/07\/22519663_1466579083449869_7484162451653056290_o-768x1024.jpg 768w, https:\/\/ugurbuyukhatipoglu.com\/wp-content\/uploads\/2021\/07\/22519663_1466579083449869_7484162451653056290_o-1152x1536.jpg 1152w, https:\/\/ugurbuyukhatipoglu.com\/wp-content\/uploads\/2021\/07\/22519663_1466579083449869_7484162451653056290_o-900x1200.jpg 900w, https:\/\/ugurbuyukhatipoglu.com\/wp-content\/uploads\/2021\/07\/22519663_1466579083449869_7484162451653056290_o.jpg 1511w\" sizes=\"(max-width: 225px) 100vw, 225px\" \/><\/div><a class=\"wp-block-latest-posts__post-title\" href=\"https:\/\/ugurbuyukhatipoglu.com\/?p=93\">Genel M\u00fcd\u00fcr\u00fcm\u00fcz Say\u0131n U\u011fur B\u00dcY\u00dcKHAT\u0130PO\u011eLU 9-13 Ekim 2017 Tarihleri Aras\u0131nda Rusya\u2019da ger\u00e7ekle\u015ftirilen uluslararas\u0131 Elektroteknik Komisyonunun (IEC) 81.Genel Kurulu Toplant\u0131s\u0131na kat\u0131l\u0131m sa\u011flad\u0131<\/a><div class=\"wp-block-latest-posts__post-excerpt\">D\u00fcnya \u00e7ap\u0131nda \u00e7ok say\u0131da \u00fclkenin ulusal komitelerinin \u00fcye oldu\u011fu Uluslararas\u0131 Elektroteknik KomisyonuToplant\u0131s\u0131nda Uluslararas\u0131 Elektroteknik Komisyonuna ba\u011fl\u0131 olarak \u00e7al\u0131\u015fan yakla\u015f\u0131k 110 teknik komite vebunlara ba\u011fl\u0131 alt teknik komitelerde g\u00f6n\u00fcll\u00fc \u00e7al\u0131\u015fan teknik uzmanlar\u0131n kat\u0131l\u0131m\u0131yla uluslararas\u0131 standartlarhakk\u0131nda g\u00f6r\u00fc\u015f\u00fcld\u00fc.Elektrik ve elektronik ile ilgili teknolojiler konusunda uluslararas\u0131 standartlar\u0131 haz\u0131rlayan ve yay\u0131mlayanuluslararas\u0131 standart organizasyonunun 81. Genel Kurul Toplant\u0131s\u0131nda, sekt\u00f6rde uluslararas\u0131standartlar\u0131n olu\u015fumuna<\/div><div class=\"blog-btn\"><a href=\"https:\/\/ugurbuyukhatipoglu.com\/?p=93\" class=\"home-blog-btn\">Daha fazlas\u0131n\u0131 oku<\/a><\/div><\/li>\n<li><div class=\"wp-block-latest-posts__featured-image alignleft\"><img width=\"300\" height=\"199\" src=\"https:\/\/ugurbuyukhatipoglu.com\/wp-content\/uploads\/2021\/07\/33119649_1683988225042286_3667854426711785472_n-1-300x199.jpg\" class=\"attachment-medium size-medium wp-post-image\" alt=\"\" decoding=\"async\" loading=\"lazy\" style=\"\" srcset=\"https:\/\/ugurbuyukhatipoglu.com\/wp-content\/uploads\/2021\/07\/33119649_1683988225042286_3667854426711785472_n-1-300x199.jpg 300w, https:\/\/ugurbuyukhatipoglu.com\/wp-content\/uploads\/2021\/07\/33119649_1683988225042286_3667854426711785472_n-1-768x510.jpg 768w, https:\/\/ugurbuyukhatipoglu.com\/wp-content\/uploads\/2021\/07\/33119649_1683988225042286_3667854426711785472_n-1.jpg 960w\" sizes=\"(max-width: 300px) 100vw, 300px\" \/><\/div><a class=\"wp-block-latest-posts__post-title\" href=\"https:\/\/ugurbuyukhatipoglu.com\/?p=91\">U\u011fur B\u00fcy\u00fckhatipo\u011flu TSE Ba\u015fkan Yard\u0131mc\u0131l\u0131\u011f\u0131na Se\u00e7ildi<\/a><div class=\"wp-block-latest-posts__post-excerpt\">T\u00fcrkiye Standard\u0131 Enstit\u00fcs\u00fc 57. Ola\u011fan Genel Kurulu se\u00e7imleri yap\u0131ld\u0131. Yap\u0131lan se\u00e7imde U\u011fur B\u00fcy\u00fckhatipo\u011flu Y\u00f6netim Kuruluna tekrar se\u00e7ilerek TSE Ba\u015fkan Yard\u0131mc\u0131l\u0131\u011f\u0131 g\u00f6revine getirildi. Sosyal meyda hesab\u0131 \u00fczerinde payla\u015f\u0131mda bulunan U\u011fur B\u00fcy\u00fckhatipo\u011flu, \u201cTSE 57. Ola\u011fan Genel Kurulu se\u00e7imlerinde Y\u00f6netim Kuruluna tekrar se\u00e7ilerek TSE Ba\u015fkan Yard\u0131mc\u0131l\u0131\u011f\u0131 g\u00f6revine getirildim. Genel M\u00fcd\u00fcrl\u00fck g\u00f6revimizin yan\u0131 s\u0131ra d\u00fcnyan\u0131n se\u00e7kin standizasyon kurumu TSE<\/div><div class=\"blog-btn\"><a href=\"https:\/\/ugurbuyukhatipoglu.com\/?p=91\" class=\"home-blog-btn\">Daha fazlas\u0131n\u0131 oku<\/a><\/div><\/li>\n<li><div class=\"wp-block-latest-posts__featured-image alignleft\"><img width=\"300\" height=\"200\" src=\"https:\/\/ugurbuyukhatipoglu.com\/wp-content\/uploads\/2021\/07\/buyukhatipoglu-sanayi-uretim-endeksinde-tarih-10142668_o-300x200.jpg\" class=\"attachment-medium size-medium wp-post-image\" alt=\"\" decoding=\"async\" loading=\"lazy\" style=\"\" srcset=\"https:\/\/ugurbuyukhatipoglu.com\/wp-content\/uploads\/2021\/07\/buyukhatipoglu-sanayi-uretim-endeksinde-tarih-10142668_o-300x200.jpg 300w, https:\/\/ugurbuyukhatipoglu.com\/wp-content\/uploads\/2021\/07\/buyukhatipoglu-sanayi-uretim-endeksinde-tarih-10142668_o.jpg 640w\" sizes=\"(max-width: 300px) 100vw, 300px\" \/><\/div><a class=\"wp-block-latest-posts__post-title\" href=\"https:\/\/ugurbuyukhatipoglu.com\/?p=81\">B\u00fcy\u00fckhatipo\u011flu: &#8220;Sanayi \u00dcretim Endeksinde Tarihin En \u0130yi Noktas\u0131nday\u0131z&#8221;<\/a><div class=\"wp-block-latest-posts__post-excerpt\">Sanayi \u00dcr\u00fcnleri G\u00fcvenli\u011fi ve Denetimi Genel M\u00fcd\u00fcr\u00fc U\u011fur B\u00fcy\u00fckhatipo\u011flu, sanayi \u00fcretim endeksi de\u011ferleri a\u00e7\u0131s\u0131ndan T\u00fcrkiye Cumhuriyeti tarihinin en iyi de\u011ferlerine sahip olduklar\u0131n\u0131 dile getirdi.Sanayi \u00dcr\u00fcnleri G\u00fcvenli\u011fi ve Denetimi Genel M\u00fcd\u00fcr\u00fc U\u011fur B\u00fcy\u00fckhatipo\u011flu, sanayi \u00fcretim endeksi de\u011ferleri a\u00e7\u0131s\u0131ndan T\u00fcrkiye Cumhuriyeti tarihinin en iyi de\u011ferlerine sahip olduklar\u0131n\u0131 dile getirdi.\u00dcr\u00fcn G\u00fcvenli\u011fi Haftas\u0131 etkinlikleri t\u00fcm \u00fclkede d\u00fczenlenen programlarla yap\u0131lmaya<\/div><div class=\"blog-btn\"><a href=\"https:\/\/ugurbuyukhatipoglu.com\/?p=81\" class=\"home-blog-btn\">Daha fazlas\u0131n\u0131 oku<\/a><\/div><\/li>\n<li><div class=\"wp-block-latest-posts__featured-image alignleft\"><img width=\"300\" height=\"200\" src=\"https:\/\/ugurbuyukhatipoglu.com\/wp-content\/uploads\/2016\/05\/sanliurfa-tse-iso-kalite-belgelerini-almaya-h-11230377_o-300x200.jpg\" class=\"attachment-medium size-medium wp-post-image\" alt=\"\" decoding=\"async\" loading=\"lazy\" style=\"\" srcset=\"https:\/\/ugurbuyukhatipoglu.com\/wp-content\/uploads\/2016\/05\/sanliurfa-tse-iso-kalite-belgelerini-almaya-h-11230377_o-300x200.jpg 300w, https:\/\/ugurbuyukhatipoglu.com\/wp-content\/uploads\/2016\/05\/sanliurfa-tse-iso-kalite-belgelerini-almaya-h-11230377_o.jpg 640w\" sizes=\"(max-width: 300px) 100vw, 300px\" \/><\/div><a class=\"wp-block-latest-posts__post-title\" href=\"https:\/\/ugurbuyukhatipoglu.com\/?p=1\">\u015eanl\u0131urfa, Tse Iso Kalite Belgelerini Almaya Hak Kazand\u0131<\/a><div class=\"wp-block-latest-posts__post-excerpt\">T\u00fcrkiye\u2019de emsal g\u00f6sterilecek \u00e7al\u0131\u015fmalar\u0131 ile bir\u00e7ok alanda \u00f6d\u00fcle lay\u0131k g\u00f6r\u00fclen \u015eanl\u0131urfa B\u00fcy\u00fck\u015fehir Belediyesi, kalite y\u00f6netim sistemi, m\u00fc\u015fteri memnuniyeti, i\u015f sa\u011fl\u0131\u011f\u0131 ve en kaliteli i\u00e7me suyu alanlar\u0131nda TSE ISO kalite belgelerini ald\u0131. T\u00fcrkiye&#8217;de emsal g\u00f6sterilecek \u00e7al\u0131\u015fmalar\u0131 ile bir\u00e7ok alanda \u00f6d\u00fcle lay\u0131k g\u00f6r\u00fclen&nbsp;\u015eanl\u0131urfa&nbsp;B\u00fcy\u00fck\u015fehir Belediyesi, kalite y\u00f6netim sistemi, m\u00fc\u015fteri memnuniyeti, i\u015f sa\u011fl\u0131\u011f\u0131 ve en kaliteli i\u00e7me suyu alanlar\u0131nda<\/div><div class=\"blog-btn\"><a href=\"https:\/\/ugurbuyukhatipoglu.com\/?p=1\" class=\"home-blog-btn\">Daha fazlas\u0131n\u0131 oku<\/a><\/div><\/li>\n<\/ul>","protected":false},"excerpt":{"rendered":"","protected":false},"author":1,"featured_media":0,"parent":0,"menu_order":0,"comment_status":"closed","ping_status":"open","template":"templates\/template-sidebar-right.php","meta":[],"_links":{"self":[{"href":"https:\/\/ugurbuyukhatipoglu.com\/index.php?rest_route=\/wp\/v2\/pages\/2"}],"collection":[{"href":"https:\/\/ugurbuyukhatipoglu.com\/index.php?rest_route=\/wp\/v2\/pages"}],"about":[{"href":"https:\/\/ugurbuyukhatipoglu.com\/index.php?rest_route=\/wp\/v2\/types\/page"}],"author":[{"embeddable":true,"href":"https:\/\/ugurbuyukhatipoglu.com\/index.php?rest_route=\/wp\/v2\/users\/1"}],"replies":[{"embeddable":true,"href":"https:\/\/ugurbuyukhatipoglu.com\/index.php?rest_route=%2Fwp%2Fv2%2Fcomments&post=2"}],"version-history":[{"count":6,"href":"https:\/\/ugurbuyukhatipoglu.com\/index.php?rest_route=\/wp\/v2\/pages\/2\/revisions"}],"predecessor-version":[{"id":194,"href":"https:\/\/ugurbuyukhatipoglu.com\/index.php?rest_route=\/wp\/v2\/pages\/2\/revisions\/194"}],"wp:attachment":[{"href":"https:\/\/ugurbuyukhatipoglu.com\/index.php?rest_route=%2Fwp%2Fv2%2Fmedia&parent=2"}],"curies":[{"name":"wp","href":"https:\/\/api.w.org\/{rel}","templated":true}]}}