{"id":110,"date":"2021-07-11T20:24:34","date_gmt":"2021-07-11T20:24:34","guid":{"rendered":"https:\/\/ugurbuyukhatipoglu.com\/?page_id=110"},"modified":"2025-10-01T19:39:09","modified_gmt":"2025-10-01T19:39:09","slug":"anasayfa","status":"publish","type":"page","link":"https:\/\/ugurbuyukhatipoglu.com\/","title":{"rendered":"Anasayfa"},"content":{"rendered":"\n<div class=\"wp-block-group is-layout-flow\"><div class=\"wp-block-group__inner-container\">\n<div class=\"wp-block-group is-layout-flow\"><div class=\"wp-block-group__inner-container\"><div class=\"wp-block-image\">\n<figure class=\"alignleft size-large is-resized\"><img decoding=\"async\" loading=\"lazy\" src=\"https:\/\/ugurbuyukhatipoglu.com\/wp-content\/uploads\/2021\/08\/stb-arma-3.png\" alt=\"\" class=\"wp-image-215\" width=\"104\" height=\"104\" srcset=\"https:\/\/ugurbuyukhatipoglu.com\/wp-content\/uploads\/2021\/08\/stb-arma-3.png 363w, https:\/\/ugurbuyukhatipoglu.com\/wp-content\/uploads\/2021\/08\/stb-arma-3-300x300.png 300w, https:\/\/ugurbuyukhatipoglu.com\/wp-content\/uploads\/2021\/08\/stb-arma-3-150x150.png 150w\" sizes=\"(max-width: 104px) 100vw, 104px\" \/><\/figure><\/div>\n\n<div class=\"wp-block-image\">\n<figure class=\"alignright size-large is-resized\"><img decoding=\"async\" loading=\"lazy\" src=\"https:\/\/ugurbuyukhatipoglu.com\/wp-content\/uploads\/2021\/08\/tse-logo-5-1024x597.png\" alt=\"\" class=\"wp-image-216\" width=\"150\" height=\"88\" srcset=\"https:\/\/ugurbuyukhatipoglu.com\/wp-content\/uploads\/2021\/08\/tse-logo-5-1024x597.png 1024w, https:\/\/ugurbuyukhatipoglu.com\/wp-content\/uploads\/2021\/08\/tse-logo-5-300x175.png 300w, https:\/\/ugurbuyukhatipoglu.com\/wp-content\/uploads\/2021\/08\/tse-logo-5-768x448.png 768w, https:\/\/ugurbuyukhatipoglu.com\/wp-content\/uploads\/2021\/08\/tse-logo-5-1536x896.png 1536w, https:\/\/ugurbuyukhatipoglu.com\/wp-content\/uploads\/2021\/08\/tse-logo-5-2048x1195.png 2048w\" sizes=\"(max-width: 150px) 100vw, 150px\" \/><\/figure><\/div>\n\n\n<p><\/p>\n<\/div><\/div>\n<\/div><\/div>\n\n\n\n<p><\/p>\n\n\n\n<p class=\"has-text-align-center has-large-font-size\"><strong>U\u011eUR B\u00dcY\u00dcKHAT\u0130PO\u011eLU<\/strong><\/p>\n\n\n<div class=\"wp-block-image\">\n<figure class=\"aligncenter size-large is-resized\"><img decoding=\"async\" loading=\"lazy\" src=\"http:\/\/ugurbuyukhatipoglu.com\/wp-content\/uploads\/2021\/07\/WhatsApp-Image-2021-07-11-at-16.21.30-1024x683.jpeg\" alt=\"\" class=\"wp-image-112\" width=\"814\" height=\"544\" srcset=\"https:\/\/ugurbuyukhatipoglu.com\/wp-content\/uploads\/2021\/07\/WhatsApp-Image-2021-07-11-at-16.21.30-1024x683.jpeg 1024w, https:\/\/ugurbuyukhatipoglu.com\/wp-content\/uploads\/2021\/07\/WhatsApp-Image-2021-07-11-at-16.21.30-300x200.jpeg 300w, https:\/\/ugurbuyukhatipoglu.com\/wp-content\/uploads\/2021\/07\/WhatsApp-Image-2021-07-11-at-16.21.30-768x512.jpeg 768w, https:\/\/ugurbuyukhatipoglu.com\/wp-content\/uploads\/2021\/07\/WhatsApp-Image-2021-07-11-at-16.21.30.jpeg 1200w\" sizes=\"(max-width: 814px) 100vw, 814px\" \/><\/figure><\/div>\n\n\n<p><\/p>\n\n\n\n<p class=\"has-text-align-center\"><strong>T\u00dcRK\u0130YE CUMHUR\u0130YET\u0130<br>B\u0130L\u0130M, SANAY\u0130 VE TEKNOLOJ\u0130 BAKANLI\u011eI<br>SANAY\u0130 \u00dcR\u00dcNLER\u0130 G\u00dcVENL\u0130\u011e\u0130 VE DENET\u0130M\u0130 GENEL M\u00dcD\u00dcRL\u00dc\u011e\u00dc<\/strong>,<\/p>\n\n\n\n<p class=\"has-text-align-center\"><strong>T\u00dcRK STANDARTLARI ENST\u0130T\u00dcS\u00dc<\/strong> <strong>(TSE)<\/strong><\/p>\n\n\n\n<p>1991-1997 y\u0131llar\u0131nda DS\u0130 16. B\u00f6lge M\u00fcd\u00fcrl\u00fc\u011f\u00fc (Atat\u00fcrk Baraj\u0131)\u2019nda Kontrol M\u00fchendisi ve 1997-2003<br>y\u0131llar\u0131nda Aplikasyon Metraj \u015eube M\u00fcd\u00fcr\u00fc olarak g\u00f6rev alm\u0131\u015ft\u0131r. 2003-2006 y\u0131llar\u0131nda DS\u0130 15. B\u00f6lge<br>M\u00fcd\u00fcrl\u00fc\u011f\u00fcnde Atat\u00fcrk Baraj\u0131 \u015eube M\u00fcd\u00fcr\u00fc, 2006-2011\u2019de DS\u0130 15. B\u00f6lge M\u00fcd\u00fcr Yard\u0131mc\u0131s\u0131 ve B\u00f6lge<br>M\u00fcd\u00fcr Vekili olmu\u015ftur.<br>2011-2014 tarihleri aras\u0131nda \u015eanl\u0131urfa Organize Sanayi B\u00f6lgesi Y\u00f6netim Kurulu \u00dcyesi ve Ba\u015fkan<br>Yard\u0131mc\u0131s\u0131 ayn\u0131 zamanda \u015eanl\u0131urfa Teknokent Y\u00f6netim Kurulu \u00dcyeli\u011fi yapm\u0131\u015ft\u0131r. Yine ayn\u0131 y\u0131llar aras\u0131nda<br>\u015eanl\u0131urfa \u0130l \u00d6zel \u0130daresinde Genel Sekreter g\u00f6revi yapan U\u011fur B\u00dcY\u00dcKHAT\u0130PO\u011eLU, B\u00fcy\u00fck\u015fehir Yasas\u0131 ile<br>kurumun kapanmas\u0131 neticesinde \u015eUSK\u0130 Genel M\u00fcd\u00fcr\u00fc olarak g\u00f6rev yapm\u0131\u015f ve sonras\u0131nda \u00c7al\u0131\u015fma ve<br>Sosyal G\u00fcvenlik Bakanl\u0131\u011f\u0131n\u0131n Avrupa Birli\u011fi ve Mali Yard\u0131mlar Dairesi Ba\u015fkanl\u0131\u011f\u0131nda, Daire Ba\u015fkan\u0131<br>olarak g\u00f6rev yapm\u0131\u015f olup 27 \u015eubat 2016 Tarih ve 2016\/88 Say\u0131l\u0131 Kararname ile G\u0131da, Tar\u0131m ve Hayvanc\u0131l\u0131k<br>Bakanl\u0131\u011f\u0131 Tar\u0131m Reformu Genel M\u00fcd\u00fcrl\u00fc\u011f\u00fcne Genel M\u00fcd\u00fcr Yard\u0131mc\u0131s\u0131 olarak atanm\u0131\u015ft\u0131r. Bilim, Sanayi ve Teknoloji Bakanl\u0131\u011f\u0131 Sanayi \u00dcr\u00fcnleri G\u00fcvenli\u011fi ve Denetimi Genel M\u00fcd\u00fcrl\u00fc\u011f\u00fcne 16 Eyl\u00fcl 2017 tarih 2017\/202 say\u0131l\u0131 kararname ile Genel M\u00fcd\u00fcr olarak atanan B\u00dcY\u00dcKHAT\u0130PO\u011eLU, 18 May\u0131s 2017 tarihi itibariyle TSE&#8217;de iki D\u00f6nem Y\u00f6netim Kurulu \u00dcyeli\u011fi, Ba\u015fkan yard\u0131mc\u0131l\u0131\u011f\u0131 ve Ba\u015fkan Vekilli\u011fi g\u00f6revlerinide y\u00fcr\u00fctm\u00fc\u015ft\u00fcr.<\/p>\n\n\n\n<p>Halen Su Tasarrufu ve Verimlili\u011fi Derne\u011fi (SUTAD) Genel Ba\u015fkanl\u0131\u011f\u0131 g\u00f6revini y\u00fcr\u00fctmektedir. www.sutad.org.tr<\/p>\n\n\n\n<p><strong>E\u011fitim Bilgileri<\/strong><br>1983 ~ 1989 Y\u0131ld\u0131z Teknik \u00dcniversitesi, Harita ve Kadastro M\u00fchendisli\u011fi<br>1974 ~ 1982 \u015eanl\u0131urfa End\u00fcstri Meslek Lisesi<br>1969 ~ 1974 Gaziantep Mehmet\u00e7ik \u0130lkokulu<br>\u00dcyesi Olunan Vak\u0131f, Dernek ve Kurulu\u015flar<br><br>2015~ Y\u0131ld\u0131z Teknik \u00dcniversitesi Vakf\u0131 M\u00fctevelli Heyeti \u00dcyeli\u011fi (devam etmekte)<br>2014~2015 \u015eUSK\u0130 Y\u00f6netim Kurulu \u00dcyesi<br>2013~2015 \u015eanl\u0131urfa spor Kul\u00fcb\u00fc Y\u00f6netim Kurulu \u00dcyesi ve Ba\u015fkan Vekili<br>2011~2014 \u0130l \u0130stihdam Kurulu \u00dcyesi<br>2011~2014 \u015eanl\u0131urfa 1. Organize Sanayi B\u00f6lgesi Y\u00f6netim Kurulu \u00dcyesi ve Ba\u015fkan Yard\u0131mc\u0131s\u0131<br>2011~2014 \u015eanl\u0131urfa 2. Organize Sanayi B\u00f6lgesi Y\u00f6netim Kurulu \u00dcyesi<br>2011~2014 \u015eanl\u0131urfa Teknokent Y\u00f6netim Kurulu \u00dcyesi<br>2007~2009 \u015eanl\u0131urfa Kent Konseyi Y\u00f6netim Kurulu \u00dcyeli\u011fi ve Ba\u015fkan Yard\u0131mc\u0131l\u0131\u011f\u0131<br>2000~2015 HKMO \u0130l Temsilcili\u011fi<br>2000~ \u015eanl\u0131urfa Vakf\u0131 \u00dcyeli\u011fi<br>2018~ Galatasaray Spor Kul\u00fcb\u00fc Genel Kurul \u00dcyeli\u011fi<\/p>\n\n\n\n<p><strong>Kurs ve Seminerler<\/strong><br>May\u0131s 2014 \u2013 \u015eanl\u0131urfa Vakf\u0131 &amp; Ekonomik ve Sosyal Geli\u015fim Derne\u011fi- \u201cUlusal ve Uluslararas\u0131 Hibeler,<br>Te\u015fvikler ve Krediler\u201d Semineri<br>Ekim 2010 \u2013 GAP B\u00f6lge Kalk\u0131nma \u0130daresi \u201cSuyun Etkin ve Verimli Kullan\u0131m\u0131 Projesi\u201d E\u011fitimi<br>May\u0131s 2010 GAPSEL Projesi- \u201cKentsel-K\u0131rsal Altyap\u0131; Ta\u015fk\u0131nlar, Sebepleri ve Al\u0131nacak \u00d6nlemler Teknik<br>E\u011fitim\u201d Semineri &amp; GAPSEL Projesi- \u201cSel Riski ve \u015eehir Planlama\u201d Teknik E\u011fitim Semineri<br>Kas\u0131m 2007 GAP \u0130daresi Ba\u015fkanl\u0131\u011f\u0131 \u201cGAP B\u00f6lgesi Yerel Y\u00f6netimler Teknik E\u011fitim\u201d Semineri<br>Nisan 2007 Kamu Ara\u015ft\u0131rmalar\u0131 Vakf\u0131 \u201cY\u00f6netici Vizyon E\u011fitim\u201d Semineri<br>Kas\u0131m 2006 TMMOB Harita ve Kadastro M\u00fchendisleri Odas\u0131-\u201cKamula\u015ft\u0131rma Bilirki\u015fili\u011fi Meslek \u0130\u00e7i<br>E\u011fitim\u201d Kursu<br>\u015eubat 2009 BH\u0130KP \u201cBakanl\u0131klararas\u0131 Harita \u0130\u015flerinin Koordinasyonu ve Planlama Kurulu\u201d I. Sempozyumu,<br>\u015eubat 2008 \u201cProposed Agenda for Technical Meeting on Mosul Dam\u201d Toplant\u0131s\u0131<br>Ekim 2003 TMMOB Harita ve Kadastro M\u00fchendisleri Odas\u0131 \u201cI.Ulusal M\u00fchendislik \u00d6l\u00e7\u00fcmleri\u201d<br>Sempozyumu<br>May\u0131s 2003 T\u00fcrkiye Sanayi Sevk ve Daire Enstit\u00fcs\u00fc-\u201cTemel Kalite Kavramlar\u0131 ve Kurum K\u00fclt\u00fcr\u00fc\u201d \u00c7al\u0131\u015fma<br>Program\u0131<br>2000 GAP \u0130daresi Ba\u015fkanl\u0131\u011f\u0131-\u201cYabanc\u0131 Dil E\u011fitim\u201d Kursu<br>1996 Gaziantep \u00dcniversitesi \u201cE\u011fitim Formasyonu\u201d Program\u0131<br>1992 Marmara \u00dcniversitesi \u201cYabanc\u0131 Dil E\u011fitim\u201d Kursu<\/p>\n\n\n\n<p><strong>E-posta<\/strong> : ugurbho@gmail.com<br><strong>Website<\/strong> : www.ugurbuyukhatipoglu.com<br><strong>Twitter<\/strong> : twitter.com\/ubuyukhatipoglu<br><strong>Facebook<\/strong> : facebook.com\/ubuyukhatipoglu<br><strong>Tel<\/strong> : +90 (312) 219 64 97<br><strong>Faks<\/strong> : +90 (312) 219 64 97<br><strong>Adress<\/strong> : Mustafa Kemal Mah. 2124 sokak No 5 \u00c7ankaya\/ANKARA<\/p>\n\n\n\n<hr class=\"wp-block-separator has-css-opacity\"\/>\n\n\n\n<p><\/p>\n","protected":false},"excerpt":{"rendered":"<p>U\u011eUR B\u00dcY\u00dcKHAT\u0130PO\u011eLU T\u00dcRK\u0130YE CUMHUR\u0130YET\u0130B\u0130L\u0130M, SANAY\u0130 VE TEKNOLOJ\u0130 BAKANLI\u011eISANAY\u0130 \u00dcR\u00dcNLER\u0130 G\u00dcVENL\u0130\u011e\u0130 VE DENET\u0130M\u0130 GENEL M\u00dcD\u00dcRL\u00dc\u011e\u00dc, T\u00dcRK STANDARTLARI ENST\u0130T\u00dcS\u00dc (TSE) 1991-1997 y\u0131llar\u0131nda DS\u0130 16. B\u00f6lge M\u00fcd\u00fcrl\u00fc\u011f\u00fc (Atat\u00fcrk Baraj\u0131)\u2019nda Kontrol M\u00fchendisi ve 1997-2003y\u0131llar\u0131nda Aplikasyon Metraj \u015eube M\u00fcd\u00fcr\u00fc olarak g\u00f6rev alm\u0131\u015ft\u0131r. 2003-2006 y\u0131llar\u0131nda DS\u0130 15. B\u00f6lgeM\u00fcd\u00fcrl\u00fc\u011f\u00fcnde Atat\u00fcrk Baraj\u0131 \u015eube M\u00fcd\u00fcr\u00fc, 2006-2011\u2019de DS\u0130 15. B\u00f6lge M\u00fcd\u00fcr Yard\u0131mc\u0131s\u0131 ve B\u00f6lgeM\u00fcd\u00fcr Vekili<\/p><\/div>\n<div class=\"blog-btn\"><a href=\"https:\/\/ugurbuyukhatipoglu.com\/\" class=\"home-blog-btn\">Daha fazlas\u0131n\u0131 oku<\/a><\/p>\n","protected":false},"author":1,"featured_media":0,"parent":0,"menu_order":0,"comment_status":"closed","ping_status":"closed","template":"","meta":[],"_links":{"self":[{"href":"https:\/\/ugurbuyukhatipoglu.com\/index.php?rest_route=\/wp\/v2\/pages\/110"}],"collection":[{"href":"https:\/\/ugurbuyukhatipoglu.com\/index.php?rest_route=\/wp\/v2\/pages"}],"about":[{"href":"https:\/\/ugurbuyukhatipoglu.com\/index.php?rest_route=\/wp\/v2\/types\/page"}],"author":[{"embeddable":true,"href":"https:\/\/ugurbuyukhatipoglu.com\/index.php?rest_route=\/wp\/v2\/users\/1"}],"replies":[{"embeddable":true,"href":"https:\/\/ugurbuyukhatipoglu.com\/index.php?rest_route=%2Fwp%2Fv2%2Fcomments&post=110"}],"version-history":[{"count":20,"href":"https:\/\/ugurbuyukhatipoglu.com\/index.php?rest_route=\/wp\/v2\/pages\/110\/revisions"}],"predecessor-version":[{"id":258,"href":"https:\/\/ugurbuyukhatipoglu.com\/index.php?rest_route=\/wp\/v2\/pages\/110\/revisions\/258"}],"wp:attachment":[{"href":"https:\/\/ugurbuyukhatipoglu.com\/index.php?rest_route=%2Fwp%2Fv2%2Fmedia&parent=110"}],"curies":[{"name":"wp","href":"https:\/\/api.w.org\/{rel}","templated":true}]}}